


{"id":58,"date":"2012-03-20T09:34:12","date_gmt":"2012-03-20T09:34:12","guid":{"rendered":"http:\/\/www.blackfive.hu\/?page_id=58"},"modified":"2012-03-20T10:07:18","modified_gmt":"2012-03-20T10:07:18","slug":"kormos-zoltan","status":"publish","type":"page","link":"https:\/\/www.blackfive.hu\/?page_id=58","title":{"rendered":"Kormos Zolt\u00e1n"},"content":{"rendered":"<table style=\"width: 100%;\" border=\"0\" align=\"center\">\r\n<tbody>\r\n<tr align=\"center\">\r\n<td><img class=\"aligncenter size-full wp-image-75\" title=\"KZ-m\" src=\"http:\/\/www.blackfive.hu\/wp-content\/uploads\/2012\/03\/KZ-m.png\" alt=\"\" width=\"300\" height=\"450\" \/><\/td>\r\n<\/tr>\r\n<\/tbody>\r\n<\/table>\r\n<p>1979.01.19.-\u00e9n sz\u00fclettem T\u00f6r\u00f6kszentmikl\u00f3son. \u00c9desap\u00e1m zenetan\u00e1r, \u00edgy a zenei fert\u00f5z\u00e9s elker\u00fclhetetlen volt. Zenei tanulm\u00e1nyaimat a helyi zeneiskol\u00e1ban kezdtem. Ezt k\u00f6vette a Debreceni Kod\u00e1ly Zolt\u00e1n Zenem\u00fbv\u00e9szeti Szakk\u00f6z\u00e9piskola, majd a Szegedi Liszt Ferenc Zenem\u00fbv\u00e9szeti F\u00f5iskola, ahol \u00fct\u00f5hangszeres m\u00fbv\u00e9szdiplom\u00e1t szereztem 2003-ban. Els\u00f5 zenekarom er\u00f5sen csal\u00e1di jelleg\u00fb volt. A b\u00e1ty\u00e1m volt a billenty\u00fbs\/ Kormos Attila\/, aki egyben a legnagyobb kritikusom is volt \u00e9s nagyon sokat tanultam T\u00f5le. T\u00f6bbek k\u00f6z\u00f6tt a klasszikusnak mondhat\u00f3: \"A kevesebb t\u00f6bb!!!!\" alapelv \u00e9rv\u00e9nyes\u00edt\u00e9s\u00e9t a zen\u00e9ben. A git\u00e1rosunk az unokatestv\u00e9rem \/Kormos Levente\/ volt, aki az\u00f3ta a \"Ferenczi Gy\u00f6rgy \u00e9s a Rackajam\" git\u00e1rosak\u00e9nt t\u00e9pi a h\u00farokat. J\u00f3magam a tri\u00f3 dobosak\u00e9nt ekkor kezdtem el p\u00fcf\u00f6lni el\u00f5sz\u00f6r a b\u00f5r\u00f6ket. Ezt k\u00f6vette j\u00f3 p\u00e1r helyi banda, illetve Szegeden \u00e9s Mak\u00f3n is k\u00f6zrem\u00fbk\u00f6dtem p\u00e1r egy\u00fcttesben, minden f\u00e9le st\u00edlust kipr\u00f3b\u00e1lva. A mostani zenekart m\u00e1r r\u00e9g\u00f3ta tervezgett\u00fck Csupival \/Sz. Csabi\/, de csak most l\u00e9pt\u00fcnk a tettek mezej\u00e9re. M\u00e1r most \u00fagy \u00e9rzem, nem volt rossz d\u00f6nt\u00e9s.<\/p>","protected":false},"excerpt":{"rendered":"<p>1979.01.19.-\u00e9n sz\u00fclettem T\u00f6r\u00f6kszentmikl\u00f3son. \u00c9desap\u00e1m zenetan\u00e1r, \u00edgy a zenei fert\u00f5z\u00e9s elker\u00fclhetetlen volt. Zenei tanulm\u00e1nyaimat a helyi zeneiskol\u00e1ban kezdtem. Ezt k\u00f6vette a Debreceni Kod\u00e1ly Zolt\u00e1n Zenem\u00fbv\u00e9szeti Szakk\u00f6z\u00e9piskola, majd a Szegedi Liszt Ferenc Zenem\u00fbv\u00e9szeti F\u00f5iskola, ahol \u00fct\u00f5hangszeres m\u00fbv\u00e9szdiplom\u00e1t szereztem 2003-ban. Els\u00f5 zenekarom er\u00f5sen csal\u00e1di jelleg\u00fb volt. A b\u00e1ty\u00e1m volt a billenty\u00fbs\/ Kormos Attila\/, aki egyben a legnagyobb kritikusom [&hellip;]<\/p>\n","protected":false},"author":1,"featured_media":0,"parent":2,"menu_order":0,"comment_status":"open","ping_status":"open","template":"","meta":[],"_links":{"self":[{"href":"https:\/\/www.blackfive.hu\/index.php?rest_route=\/wp\/v2\/pages\/58"}],"collection":[{"href":"https:\/\/www.blackfive.hu\/index.php?rest_route=\/wp\/v2\/pages"}],"about":[{"href":"https:\/\/www.blackfive.hu\/index.php?rest_route=\/wp\/v2\/types\/page"}],"author":[{"embeddable":true,"href":"https:\/\/www.blackfive.hu\/index.php?rest_route=\/wp\/v2\/users\/1"}],"replies":[{"embeddable":true,"href":"https:\/\/www.blackfive.hu\/index.php?rest_route=%2Fwp%2Fv2%2Fcomments&post=58"}],"version-history":[{"count":6,"href":"https:\/\/www.blackfive.hu\/index.php?rest_route=\/wp\/v2\/pages\/58\/revisions"}],"predecessor-version":[{"id":85,"href":"https:\/\/www.blackfive.hu\/index.php?rest_route=\/wp\/v2\/pages\/58\/revisions\/85"}],"up":[{"embeddable":true,"href":"https:\/\/www.blackfive.hu\/index.php?rest_route=\/wp\/v2\/pages\/2"}],"wp:attachment":[{"href":"https:\/\/www.blackfive.hu\/index.php?rest_route=%2Fwp%2Fv2%2Fmedia&parent=58"}],"curies":[{"name":"wp","href":"https:\/\/api.w.org\/{rel}","templated":true}]}}