


{"id":56,"date":"2012-03-20T09:33:24","date_gmt":"2012-03-20T09:33:24","guid":{"rendered":"http:\/\/www.blackfive.hu\/?page_id=56"},"modified":"2012-03-20T10:07:35","modified_gmt":"2012-03-20T10:07:35","slug":"mika-laszlo","status":"publish","type":"page","link":"https:\/\/www.blackfive.hu\/?page_id=56","title":{"rendered":"Mika L\u00e1szl\u00f3"},"content":{"rendered":"<table style=\"width: 100%;\" border=\"0\" align=\"center\">\r\n<tbody>\r\n<tr align=\"center\">\r\n<td><img class=\"aligncenter size-full wp-image-78\" title=\"ML-m\" src=\"http:\/\/www.blackfive.hu\/wp-content\/uploads\/2012\/03\/ML-m.png\" alt=\"\" width=\"300\" height=\"450\" \/><\/td>\r\n<\/tr>\r\n<\/tbody>\r\n<\/table>\r\n<p>\u00dagy esett, hogy 79 tel\u00e9n, egy hideg-fagyos \u00e9jszak\u00e1n - amikor a hold a legmagasabban j\u00e1r \u00e9s csak a farkasok \u00fcv\u00f6lt\u00e9se hallik a f\u00e9lhom\u00e1lyban - nos, pont ekkor hozott vil\u00e1gra any\u00e1m. Hogy ez jelent e valamit? Nem tudni. Az viszont bizonyos, hogy a zen\u00e9vel m\u00e1r e szent pillanatban fert\u00f5zve voltam. A mai napig tanakodnak a v\u00e9nek mi lehetett az oka, hogy m\u00e1r csecsem\u00f5k\u00e9nt bennem volt a bugi - mert hogy any\u00e1m szerint vill\u00e1zva j\u00f6ttem a vil\u00e1gra. Tal\u00e1n a farkasok, \u00e9s a telihold kombin\u00e1ci\u00f3ja okozhatott valami genetikai mut\u00e1ci\u00f3t, vagy a h\u00e1rom gener\u00e1ci\u00f3ra visszatekint\u00f5 zen\u00e9sz m\u00falt a csal\u00e1dban? Nos, azt hiszem az ut\u00f3bbi lehet az igaz. V\u00e9g\u00fcl is nem sz\u00e1m\u00edt, mert 8 \u00e9vesen m\u00e1r git\u00e1rt ragadtam (ap\u00e1m nem kis \u00f6r\u00f6m\u00e9re) \u00e9s Hendrixen n\u00f6vesztett f\u00fcleimmel, 5 \u00e9vvel k\u00e9s\u00f5bb m\u00e1r az els\u00f5 koncertem is meg volt. Ahogy az m\u00e1r lenni szokott, zenekarok-tehets\u00e9gkutat\u00f3k j\u00f6ttek-mentek, \u00e9s \u00e9n sz\u00edvesen r\u00e9szt vettem mindenben, ami \u00faj dolgokat \u00edg\u00e9rt. Ennek a felfog\u00e1snak k\u00f6sz\u00f6nhet\u00f5en tal\u00e1lkoztunk Csab\u00e1val is, aminek a v\u00e9ge a Black Five lett. Laudetur Jesus Christus! - In aeternum! Amen! Jelenleg a BF mellett az els\u00f5 bemutatkoz\u00f3 anyagomon is dolgozom, amit rem\u00e9lhet\u00f5leg hamarosan CD form\u00e1ban is meg lehet majd szerezni tokkal-von\u00f3val. Mit is mondhatn\u00e9k m\u00e9g?! Long Live Rock n Roll!!!<\/p>","protected":false},"excerpt":{"rendered":"<p>\u00dagy esett, hogy 79 tel\u00e9n, egy hideg-fagyos \u00e9jszak\u00e1n &#8211; amikor a hold a legmagasabban j\u00e1r \u00e9s csak a farkasok \u00fcv\u00f6lt\u00e9se hallik a f\u00e9lhom\u00e1lyban &#8211; nos, pont ekkor hozott vil\u00e1gra any\u00e1m. Hogy ez jelent e valamit? Nem tudni. Az viszont bizonyos, hogy a zen\u00e9vel m\u00e1r e szent pillanatban fert\u00f5zve voltam. A mai napig tanakodnak a v\u00e9nek [&hellip;]<\/p>\n","protected":false},"author":1,"featured_media":0,"parent":2,"menu_order":0,"comment_status":"open","ping_status":"open","template":"","meta":[],"_links":{"self":[{"href":"https:\/\/www.blackfive.hu\/index.php?rest_route=\/wp\/v2\/pages\/56"}],"collection":[{"href":"https:\/\/www.blackfive.hu\/index.php?rest_route=\/wp\/v2\/pages"}],"about":[{"href":"https:\/\/www.blackfive.hu\/index.php?rest_route=\/wp\/v2\/types\/page"}],"author":[{"embeddable":true,"href":"https:\/\/www.blackfive.hu\/index.php?rest_route=\/wp\/v2\/users\/1"}],"replies":[{"embeddable":true,"href":"https:\/\/www.blackfive.hu\/index.php?rest_route=%2Fwp%2Fv2%2Fcomments&post=56"}],"version-history":[{"count":3,"href":"https:\/\/www.blackfive.hu\/index.php?rest_route=\/wp\/v2\/pages\/56\/revisions"}],"predecessor-version":[{"id":86,"href":"https:\/\/www.blackfive.hu\/index.php?rest_route=\/wp\/v2\/pages\/56\/revisions\/86"}],"up":[{"embeddable":true,"href":"https:\/\/www.blackfive.hu\/index.php?rest_route=\/wp\/v2\/pages\/2"}],"wp:attachment":[{"href":"https:\/\/www.blackfive.hu\/index.php?rest_route=%2Fwp%2Fv2%2Fmedia&parent=56"}],"curies":[{"name":"wp","href":"https:\/\/api.w.org\/{rel}","templated":true}]}}