


{"id":44,"date":"2012-03-19T23:59:54","date_gmt":"2012-03-19T23:59:54","guid":{"rendered":"http:\/\/www.blackfive.hu\/?page_id=44"},"modified":"2012-10-30T23:06:25","modified_gmt":"2012-10-30T23:06:25","slug":"erika","status":"publish","type":"page","link":"https:\/\/www.blackfive.hu\/?page_id=44","title":{"rendered":"Szab\u00f3 Erika"},"content":{"rendered":"<table style=\"width: 100%;\" border=\"0\" align=\"center\">\r\n<tbody>\r\n<tr align=\"center\">\r\n<td><img title=\"Szab\u00f3 Erika\" src=\"http:\/\/www.blackfive.hu\/wp-content\/uploads\/2012\/03\/sze_n2.png\" alt=\"\" width=\"300\" height=\"450\" \/><\/td>\r\n<\/tr>\r\n<\/tbody>\r\n<\/table>\r\n<p>1991 m\u00e1rcius\u00e1ban sz\u00fclettem Szentesen, \u00e9s csak\u00fagy, mint a B\u00e1ty\u00e1mat, aki nem mell\u00e9kesen a zenekar legjobb basszusgit\u00e1rosa, nagyon hamar megfert\u0151z\u00f6tt a zene. A zeneiskol\u00e1t\u00f3l a Zenem\u0171v\u00e9szeti Szakiskol\u00e1ig t\u00f6bb hangszert kipr\u00f3b\u00e1ltam, a szaxofon volt ami igaz\u00e1n megfogott. Mindezt megel\u0151z\u0151en, legel\u0151sz\u00f6r \u00e9nekesn\u0151k\u00e9nt ker\u00fcltem a szentesi L\u00e9zer Zenekarba, \u00e9s amikor m\u00e1r ott tartottam, akkor a kedves hangszerem is j\u00f6tt velem a bulikba. Jelenleg a K\u0151b\u00e1nyai Zenei St\u00fadi\u00f3 jazz szaxofon szak\u00e1n hallgatok (j\u00f3 esetben nem hallgatok :))<\/p>","protected":false},"excerpt":{"rendered":"<p>1991 m\u00e1rcius\u00e1ban sz\u00fclettem Szentesen, \u00e9s csak\u00fagy, mint a B\u00e1ty\u00e1mat, aki nem mell\u00e9kesen a zenekar legjobb basszusgit\u00e1rosa, nagyon hamar megfert\u0151z\u00f6tt a zene. A zeneiskol\u00e1t\u00f3l a Zenem\u0171v\u00e9szeti Szakiskol\u00e1ig t\u00f6bb hangszert kipr\u00f3b\u00e1ltam, a szaxofon volt ami igaz\u00e1n megfogott. Mindezt megel\u0151z\u0151en, legel\u0151sz\u00f6r \u00e9nekesn\u0151k\u00e9nt ker\u00fcltem a szentesi L\u00e9zer Zenekarba, \u00e9s amikor m\u00e1r ott tartottam, akkor a kedves hangszerem is j\u00f6tt [&hellip;]<\/p>\n","protected":false},"author":1,"featured_media":0,"parent":2,"menu_order":0,"comment_status":"open","ping_status":"open","template":"","meta":[],"_links":{"self":[{"href":"https:\/\/www.blackfive.hu\/index.php?rest_route=\/wp\/v2\/pages\/44"}],"collection":[{"href":"https:\/\/www.blackfive.hu\/index.php?rest_route=\/wp\/v2\/pages"}],"about":[{"href":"https:\/\/www.blackfive.hu\/index.php?rest_route=\/wp\/v2\/types\/page"}],"author":[{"embeddable":true,"href":"https:\/\/www.blackfive.hu\/index.php?rest_route=\/wp\/v2\/users\/1"}],"replies":[{"embeddable":true,"href":"https:\/\/www.blackfive.hu\/index.php?rest_route=%2Fwp%2Fv2%2Fcomments&post=44"}],"version-history":[{"count":11,"href":"https:\/\/www.blackfive.hu\/index.php?rest_route=\/wp\/v2\/pages\/44\/revisions"}],"predecessor-version":[{"id":215,"href":"https:\/\/www.blackfive.hu\/index.php?rest_route=\/wp\/v2\/pages\/44\/revisions\/215"}],"up":[{"embeddable":true,"href":"https:\/\/www.blackfive.hu\/index.php?rest_route=\/wp\/v2\/pages\/2"}],"wp:attachment":[{"href":"https:\/\/www.blackfive.hu\/index.php?rest_route=%2Fwp%2Fv2%2Fmedia&parent=44"}],"curies":[{"name":"wp","href":"https:\/\/api.w.org\/{rel}","templated":true}]}}