


{"id":21,"date":"2012-03-17T23:52:24","date_gmt":"2012-03-17T23:52:24","guid":{"rendered":"http:\/\/www.blackfive.hu\/?page_id=21"},"modified":"2014-08-08T21:06:40","modified_gmt":"2014-08-08T21:06:40","slug":"kontakt","status":"publish","type":"page","link":"https:\/\/www.blackfive.hu\/?page_id=21","title":{"rendered":"Kontakt"},"content":{"rendered":"<table style=\"width: 100%;\" border=\"0\">\r\n<tbody>\r\n<tr>\r\n<td style=\"width: 240px;\" valign=\"top\">\r\n<p><strong>Telefon:<\/strong><\/p>\r\n<\/td>\r\n<td><strong>E-mail:<\/strong><\/td>\r\n<\/tr>\r\n<tr>\r\n<td style=\"width: 240px;\" valign=\"top\">\r\n<p><span style=\"font-size: large;\">Szab\u00f3 Csaba<\/span><\/p>\r\n<p>Tel.: +36-30\/256-1639<\/p>\r\n<p>&nbsp;<\/p>\r\n<p><span style=\"font-size: large;\">T\u00f6m\u00f6si Tam\u00e1s<\/span><\/p>\r\n<p>Tel.: +36-70\/362-9218<\/p>\r\n<p>&nbsp;<\/p>\r\n<\/td>\r\n<td><div role=\"form\" class=\"wpcf7\" id=\"wpcf7-f343-o1\" dir=\"ltr\">\n<div class=\"screen-reader-response\"><\/div>\n<form action=\"\/index.php?rest_route=%2Fwp%2Fv2%2Fpages%2F21#wpcf7-f343-o1\" method=\"post\" class=\"wpcf7-form\" novalidate=\"novalidate\">\n<div style=\"display: none;\">\n<input type=\"hidden\" name=\"_wpcf7\" value=\"343\" \/>\n<input type=\"hidden\" name=\"_wpcf7_version\" value=\"4.4.2\" \/>\n<input type=\"hidden\" name=\"_wpcf7_locale\" value=\"\" \/>\n<input type=\"hidden\" name=\"_wpcf7_unit_tag\" value=\"wpcf7-f343-o1\" \/>\n<input type=\"hidden\" name=\"_wpnonce\" value=\"ada198bdb6\" \/>\n<\/div>\n<p>N\u00e9v (k\u00f6telez\u0151)<br \/>\n    <span class=\"wpcf7-form-control-wrap your-name\"><input type=\"text\" name=\"your-name\" value=\"\" size=\"40\" class=\"wpcf7-form-control wpcf7-text wpcf7-validates-as-required\" aria-required=\"true\" aria-invalid=\"false\" \/><\/span> <\/p>\n<p>E-mail c\u00edm (k\u00f6telez\u0151)<br \/>\n    <span class=\"wpcf7-form-control-wrap your-email\"><input type=\"email\" name=\"your-email\" value=\"\" size=\"40\" class=\"wpcf7-form-control wpcf7-text wpcf7-email wpcf7-validates-as-required wpcf7-validates-as-email\" aria-required=\"true\" aria-invalid=\"false\" \/><\/span> <\/p>\n<p>T\u00e1rgy<br \/>\n    <span class=\"wpcf7-form-control-wrap your-subject\"><input type=\"text\" name=\"your-subject\" value=\"\" size=\"40\" class=\"wpcf7-form-control wpcf7-text\" aria-invalid=\"false\" \/><\/span> <\/p>\n<p>\u00dczenet<br \/>\n    <span class=\"wpcf7-form-control-wrap your-message\"><textarea name=\"your-message\" cols=\"40\" rows=\"10\" class=\"wpcf7-form-control wpcf7-textarea\" aria-invalid=\"false\"><\/textarea><\/span> <\/p>\n<div class=\"wpcf7-form-control-wrap\"><div data-sitekey=\"6Lf8vFwpAAAAANHN-5grmpeVNQZma18jq0QbV2ws\" class=\"wpcf7-form-control g-recaptcha wpcf7-recaptcha\"><\/div>\n\n\n<noscript>\n\n\t<div style=\"width: 302px; height: 422px;\">\n\n\t\t<div style=\"width: 302px; height: 422px; position: relative;\">\n\n\t\t\t<div style=\"width: 302px; height: 422px; position: absolute;\">\n\n\t\t\t\t<iframe src=\"https:\/\/www.google.com\/recaptcha\/api\/fallback?k=6Lf8vFwpAAAAANHN-5grmpeVNQZma18jq0QbV2ws\" frameborder=\"0\" scrolling=\"no\" style=\"width: 302px; height:422px; border-style: none;\">\n\n\t\t\t\t<\/iframe>\n\n\t\t\t<\/div>\n\n\t\t\t<div style=\"width: 300px; height: 60px; border-style: none; bottom: 12px; left: 25px; margin: 0px; padding: 0px; right: 25px; background: #f9f9f9; border: 1px solid #c1c1c1; border-radius: 3px;\">\n\n\t\t\t\t<textarea id=\"g-recaptcha-response\" name=\"g-recaptcha-response\" class=\"g-recaptcha-response\" style=\"width: 250px; height: 40px; border: 1px solid #c1c1c1; margin: 10px 25px; padding: 0px; resize: none;\">\n\n\t\t\t\t<\/textarea>\n\n\t\t\t<\/div>\n\n\t\t<\/div>\n\n\t<\/div>\n\n<\/noscript>\n\n<\/div>\n<p><input type=\"submit\" value=\"K\u00fcld\u00e9s\" class=\"wpcf7-form-control wpcf7-submit\" \/><\/p>\n<div class=\"wpcf7-response-output wpcf7-display-none\"><\/div><\/form><\/div><\/td>\r\n<\/tr>\r\n<\/tbody>\r\n<\/table>","protected":false},"excerpt":{"rendered":"<p>Telefon: E-mail: Szab\u00f3 Csaba Tel.: +36-30\/256-1639 &nbsp; T\u00f6m\u00f6si Tam\u00e1s Tel.: +36-70\/362-9218 &nbsp;<\/p>\n","protected":false},"author":1,"featured_media":0,"parent":0,"menu_order":0,"comment_status":"open","ping_status":"open","template":"","meta":[],"_links":{"self":[{"href":"https:\/\/www.blackfive.hu\/index.php?rest_route=\/wp\/v2\/pages\/21"}],"collection":[{"href":"https:\/\/www.blackfive.hu\/index.php?rest_route=\/wp\/v2\/pages"}],"about":[{"href":"https:\/\/www.blackfive.hu\/index.php?rest_route=\/wp\/v2\/types\/page"}],"author":[{"embeddable":true,"href":"https:\/\/www.blackfive.hu\/index.php?rest_route=\/wp\/v2\/users\/1"}],"replies":[{"embeddable":true,"href":"https:\/\/www.blackfive.hu\/index.php?rest_route=%2Fwp%2Fv2%2Fcomments&post=21"}],"version-history":[{"count":10,"href":"https:\/\/www.blackfive.hu\/index.php?rest_route=\/wp\/v2\/pages\/21\/revisions"}],"predecessor-version":[{"id":280,"href":"https:\/\/www.blackfive.hu\/index.php?rest_route=\/wp\/v2\/pages\/21\/revisions\/280"}],"wp:attachment":[{"href":"https:\/\/www.blackfive.hu\/index.php?rest_route=%2Fwp%2Fv2%2Fmedia&parent=21"}],"curies":[{"name":"wp","href":"https:\/\/api.w.org\/{rel}","templated":true}]}}