


{"id":18,"date":"2012-03-17T23:52:04","date_gmt":"2012-03-17T23:52:04","guid":{"rendered":"http:\/\/www.blackfive.hu\/?page_id=18"},"modified":"2019-03-22T10:05:14","modified_gmt":"2019-03-22T10:05:14","slug":"technika","status":"publish","type":"page","link":"https:\/\/www.blackfive.hu\/?page_id=18","title":{"rendered":"Technika"},"content":{"rendered":"<table style=\"width: 100%;\" border=\"0\">\r\n<tbody>\r\n<tr style=\"height: 36px;\">\r\n<td style=\"height: 36px;\"><span style=\"font-size: x-large;\">Zenekari<\/span><\/td>\r\n<td style=\"height: 36px;\" align=\"right\" valign=\"top\"><\/td>\r\n<\/tr>\r\n<tr style=\"height: 258px;\">\r\n<td style=\"height: 258px;\" valign=\"top\">QSC K12.2 Hangfalak<\/td>\r\n<td style=\"height: 258px;\" align=\"right\" valign=\"top\"><img class=\"aligncenter wp-image-371\" src=\"http:\/\/www.blackfive.hu\/wp-content\/uploads\/2012\/03\/K12.2-large.jpg\" alt=\"K12.2-large\" width=\"165\" height=\"258\" \/><\/td>\r\n<\/tr>\r\n<tr style=\"height: 134px;\">\r\n<td style=\"height: 134px;\" valign=\"top\">\u00a0Yamaha MG 166 CX Zenekari Kever\u00f5<\/td>\r\n<td style=\"height: 134px;\" align=\"right\" valign=\"top\">\u00a0<img class=\"aligncenter wp-image-372\" src=\"http:\/\/www.blackfive.hu\/wp-content\/uploads\/2012\/03\/8414219_800.jpg\" alt=\"8414219_800\" width=\"179\" height=\"143\" \/><\/td>\r\n<\/tr>\r\n<tr style=\"height: 99.35px;\">\r\n<td style=\"height: 99.35px;\" valign=\"top\">\u00a0Fame Sub 15<\/td>\r\n<td style=\"height: 99.35px;\" align=\"right\" valign=\"top\"><img class=\"aligncenter wp-image-376\" src=\"http:\/\/www.blackfive.hu\/wp-content\/uploads\/2012\/03\/maxresdefault-1.jpg\" alt=\"maxresdefault\" width=\"205\" height=\"205\" \/><\/td>\r\n<\/tr>\r\n<tr style=\"height: 294px;\">\r\n<td style=\"height: 294px;\" valign=\"top\">\u00a0Yamaha akt\u00edv monitor hangfal<\/td>\r\n<td style=\"height: 294px;\" align=\"right\" valign=\"top\"><img class=\"aligncenter wp-image-373\" src=\"http:\/\/www.blackfive.hu\/wp-content\/uploads\/2012\/03\/H92553000000000-00-500x500.jpg\" alt=\"H92553000000000-00-500x500\" width=\"260\" height=\"260\" \/><\/td>\r\n<\/tr>\r\n<tr style=\"height: 313px;\">\r\n<td style=\"height: 313px;\" valign=\"top\">\u00a0Shure\u00a0 \u00e9nekmikrofonok<\/td>\r\n<td style=\"height: 313px;\" align=\"right\" valign=\"top\"><img class=\"aligncenter  wp-image-378\" src=\"http:\/\/www.blackfive.hu\/wp-content\/uploads\/2012\/03\/68711365.shure-sm58-lce.jpg\" alt=\"68711365.shure-sm58-lce\" width=\"121\" height=\"134\" \/><\/td>\r\n<\/tr>\r\n<tr style=\"height: 1099px;\">\r\n<td style=\"height: 1099px;\" valign=\"top\"><span style=\"font-size: large;\">Saj\u00e1t:<\/span>\r\n\r\n<strong>Dob:<\/strong>\r\n<p style=\"padding-left: 30px;\">Tama Rockstar Dx : 22\" 10\" 12\" 14\" 16\"<\/p>\r\n<p style=\"padding-left: 30px;\">+ NewSound Master Maple 14x7\" \u00f6nt\u00f6tt k\u00e1v\u00e1s perg\u00f5<\/p>\r\n<p style=\"padding-left: 30px;\">Sabian \u00e9s Paiste cint\u00e1ny\u00e9rok<\/p>\r\n<p style=\"padding-left: 30px;\">Akg Dobmikrofonok + Behringer C3 overhead<\/p>\r\n<strong>Bass:<\/strong>\r\n<p style=\"padding-left: 30px;\">Alap:<\/p>\r\n<p style=\"padding-left: 30px;\">Phil Jones BC300<\/p>\r\n<p style=\"padding-left: 30px;\">EBS TD-650<\/p>\r\n<p style=\"padding-left: 30px;\">EBS Proline 410<\/p>\r\n<strong>Git\u00e1r :<\/strong>\r\n<p style=\"padding-left: 30px;\">Boldogh Guitars<\/p>\r\n<strong>Billenty\u00fb :<\/strong>\r\n<p style=\"padding-left: 30px;\">Korg SV-1 73<\/p>\r\n<p style=\"padding-left: 30px;\">Roland JUNO DS<\/p>\r\n<strong>Saxofon:<\/strong>\r\n<p style=\"padding-left: 30px;\">Selmer Reference<\/p>\r\n<p style=\"padding-left: 30px;\">AKG hangszer mikrofon<\/p>\r\n<strong>Sz\u00f3l\u00f3git\u00e1r:<\/strong>\r\n<p style=\"padding-left: 30px;\">Hangszerek:<\/p>\r\n<p style=\"padding-left: 60px;\">Fender American Stratocaster<\/p>\r\n<p style=\"padding-left: 60px;\">Fender American Vintage Stratocaster<\/p>\r\n<p style=\"padding-left: 30px;\">Er\u00f5s\u00edt\u00f5k:<\/p>\r\n<p style=\"padding-left: 60px;\">Marshall JCM 800 100w git\u00e1rer\u00f5s\u00edt\u00f5 fej<\/p>\r\n<p style=\"padding-left: 60px;\">Marshall 1960 AHW 120w Git\u00e1r hangl\u00e1da<\/p>\r\n<p style=\"padding-left: 60px;\">Vox AD 100 VT git\u00e1rkomb\u00f3<\/p>\r\n<\/td>\r\n<td style=\"height: 1099px;\" align=\"right\" valign=\"top\"><\/td>\r\n<\/tr>\r\n<tr style=\"height: 24px;\">\r\n<td style=\"height: 24px;\" valign=\"top\"><\/td>\r\n<td style=\"height: 24px;\" align=\"right\" valign=\"top\"><\/td>\r\n<\/tr>\r\n<tr style=\"height: 24px;\">\r\n<td style=\"height: 24px;\" valign=\"top\"><\/td>\r\n<td style=\"height: 24px;\" align=\"right\" valign=\"top\"><\/td>\r\n<\/tr>\r\n<tr style=\"height: 24px;\">\r\n<td style=\"height: 24px;\" valign=\"top\"><\/td>\r\n<td style=\"height: 24px;\" align=\"right\" valign=\"top\"><\/td>\r\n<\/tr>\r\n<tr style=\"height: 24px;\">\r\n<td style=\"height: 24px;\" valign=\"top\"><\/td>\r\n<td style=\"height: 24px;\" align=\"right\" valign=\"top\"><\/td>\r\n<\/tr>\r\n<tr style=\"height: 24px;\">\r\n<td style=\"height: 24px;\" valign=\"top\"><\/td>\r\n<td style=\"height: 24px;\" align=\"right\" valign=\"top\"><\/td>\r\n<\/tr>\r\n<tr style=\"height: 24px;\">\r\n<td style=\"height: 24px;\" valign=\"top\"><\/td>\r\n<td style=\"height: 24px;\" align=\"right\" valign=\"top\"><\/td>\r\n<\/tr>\r\n<tr style=\"height: 24px;\">\r\n<td style=\"height: 24px;\" valign=\"top\"><\/td>\r\n<td style=\"height: 24px;\" align=\"right\" valign=\"top\"><\/td>\r\n<\/tr>\r\n<tr style=\"height: 24px;\">\r\n<td style=\"height: 24px;\" valign=\"top\"><\/td>\r\n<td style=\"height: 24px;\" align=\"right\" valign=\"top\"><\/td>\r\n<\/tr>\r\n<tr style=\"height: 24px;\">\r\n<td style=\"height: 24px;\" valign=\"top\"><\/td>\r\n<td style=\"height: 24px;\" align=\"right\" valign=\"top\"><\/td>\r\n<\/tr>\r\n<tr style=\"height: 24px;\">\r\n<td style=\"height: 24px;\" valign=\"top\"><\/td>\r\n<td style=\"height: 24px;\" align=\"right\" valign=\"top\"><\/td>\r\n<\/tr>\r\n<tr style=\"height: 24px;\">\r\n<td style=\"height: 24px;\" valign=\"top\"><\/td>\r\n<td style=\"height: 24px;\" align=\"right\" valign=\"top\"><\/td>\r\n<\/tr>\r\n<tr style=\"height: 24px;\">\r\n<td style=\"height: 24px;\" valign=\"top\"><\/td>\r\n<td style=\"height: 24px;\" align=\"right\" valign=\"top\"><\/td>\r\n<\/tr>\r\n<tr style=\"height: 24px;\">\r\n<td style=\"height: 24px;\" valign=\"top\"><\/td>\r\n<td style=\"height: 24px;\" align=\"right\" valign=\"top\"><\/td>\r\n<\/tr>\r\n<tr style=\"height: 24px;\">\r\n<td style=\"height: 24px;\" valign=\"top\"><\/td>\r\n<td style=\"height: 24px;\" align=\"right\" valign=\"top\"><\/td>\r\n<\/tr>\r\n<tr style=\"height: 24px;\">\r\n<td style=\"height: 24px;\" valign=\"top\"><\/td>\r\n<td style=\"height: 24px;\" align=\"right\" valign=\"top\"><\/td>\r\n<\/tr>\r\n<tr style=\"height: 24px;\">\r\n<td style=\"height: 24px;\" valign=\"top\"><\/td>\r\n<td style=\"height: 24px;\" align=\"right\" valign=\"top\"><\/td>\r\n<\/tr>\r\n<tr style=\"height: 24px;\">\r\n<td style=\"height: 24px;\" valign=\"top\"><\/td>\r\n<td style=\"height: 24px;\" align=\"right\" valign=\"top\"><\/td>\r\n<\/tr>\r\n<tr style=\"height: 24px;\">\r\n<td style=\"height: 24px;\" valign=\"top\"><\/td>\r\n<td style=\"height: 24px;\" align=\"right\" valign=\"top\"><\/td>\r\n<\/tr>\r\n<tr style=\"height: 24px;\">\r\n<td style=\"height: 24px;\" valign=\"top\"><\/td>\r\n<td style=\"height: 24px;\" align=\"right\" valign=\"top\"><\/td>\r\n<\/tr>\r\n<tr style=\"height: 24px;\">\r\n<td style=\"height: 24px;\" valign=\"top\"><\/td>\r\n<td style=\"height: 24px;\" align=\"right\" valign=\"top\"><\/td>\r\n<\/tr>\r\n<tr style=\"height: 24px;\">\r\n<td style=\"height: 24px;\" valign=\"top\"><\/td>\r\n<td style=\"height: 24px;\" align=\"right\" valign=\"top\"><\/td>\r\n<\/tr>\r\n<tr style=\"height: 24px;\">\r\n<td style=\"height: 24px;\" valign=\"top\"><\/td>\r\n<td style=\"height: 24px;\" align=\"right\" valign=\"top\"><\/td>\r\n<\/tr>\r\n<tr style=\"height: 24px;\">\r\n<td style=\"height: 24px;\" valign=\"top\"><\/td>\r\n<td style=\"height: 24px;\" align=\"right\" valign=\"top\"><\/td>\r\n<\/tr>\r\n<\/tbody>\r\n<\/table>\r\n&nbsp;","protected":false},"excerpt":{"rendered":"<p>Zenekari QSC K12.2 Hangfalak \u00a0Yamaha MG 166 CX Zenekari Kever\u00f5 \u00a0 \u00a0Fame Sub 15 \u00a0Yamaha akt\u00edv monitor hangfal \u00a0Shure\u00a0 \u00e9nekmikrofonok Saj\u00e1t: Dob: Tama Rockstar Dx : 22&#8243; 10&#8243; 12&#8243; 14&#8243; 16&#8243; + NewSound Master Maple 14&#215;7&#8243; \u00f6nt\u00f6tt k\u00e1v\u00e1s perg\u00f5 Sabian \u00e9s Paiste cint\u00e1ny\u00e9rok Akg Dobmikrofonok + Behringer C3 overhead Bass: Alap: Phil Jones BC300 EBS [&hellip;]<\/p>\n","protected":false},"author":1,"featured_media":0,"parent":0,"menu_order":0,"comment_status":"open","ping_status":"open","template":"","meta":[],"_links":{"self":[{"href":"https:\/\/www.blackfive.hu\/index.php?rest_route=\/wp\/v2\/pages\/18"}],"collection":[{"href":"https:\/\/www.blackfive.hu\/index.php?rest_route=\/wp\/v2\/pages"}],"about":[{"href":"https:\/\/www.blackfive.hu\/index.php?rest_route=\/wp\/v2\/types\/page"}],"author":[{"embeddable":true,"href":"https:\/\/www.blackfive.hu\/index.php?rest_route=\/wp\/v2\/users\/1"}],"replies":[{"embeddable":true,"href":"https:\/\/www.blackfive.hu\/index.php?rest_route=%2Fwp%2Fv2%2Fcomments&post=18"}],"version-history":[{"count":11,"href":"https:\/\/www.blackfive.hu\/index.php?rest_route=\/wp\/v2\/pages\/18\/revisions"}],"predecessor-version":[{"id":379,"href":"https:\/\/www.blackfive.hu\/index.php?rest_route=\/wp\/v2\/pages\/18\/revisions\/379"}],"wp:attachment":[{"href":"https:\/\/www.blackfive.hu\/index.php?rest_route=%2Fwp%2Fv2%2Fmedia&parent=18"}],"curies":[{"name":"wp","href":"https:\/\/api.w.org\/{rel}","templated":true}]}}