


{"id":15,"date":"2012-03-17T23:51:48","date_gmt":"2012-03-17T23:51:48","guid":{"rendered":"http:\/\/www.blackfive.hu\/?page_id=15"},"modified":"2013-02-01T13:47:37","modified_gmt":"2013-02-01T13:47:37","slug":"media","status":"publish","type":"page","link":"https:\/\/www.blackfive.hu\/?page_id=15","title":{"rendered":"Audi\u00f3"},"content":{"rendered":"<table style=\"width: 100%;\" border=\"0\">\r\n<tbody>\r\n<tr>\r\n<td style=\"width: 20px;\" colspan=\"2\"><span style=\"font-size: large;\">Blame it on the boogie <\/span><\/td>\r\n<\/tr>\r\n<tr>\r\n<td style=\"width: 20px;\">\u00a0<\/td>\r\n<td><a href=\"B5 - Blame it on the boogie (sample).mp3\">B5 - Blame it on the boogie (sample).mp3<\/a><\/td>\r\n<\/tr>\r\n<tr>\r\n<td style=\"width: 20px;\" colspan=\"2\"><span style=\"font-size: large;\">Corason Espinado <\/span><\/td>\r\n<\/tr>\r\n<tr>\r\n<td style=\"width: 20px;\">\u00a0<\/td>\r\n<td><a href=\"B5 - Corason Espinado (sample).mp3\">B5 - Corason Espinado (sample)<\/a><\/td>\r\n<\/tr>\r\n<tr>\r\n<td style=\"width: 20px;\" colspan=\"2\"><span style=\"font-size: large;\">Cosmopolitan life <\/span><\/td>\r\n<\/tr>\r\n<tr>\r\n<td style=\"width: 20px;\">\u00a0<\/td>\r\n<td><a href=\"B5 - Cosmopolitan life (sample).mp3\">Cosmopolitan life (sample)<\/a><\/td>\r\n<\/tr>\r\n<tr>\r\n<td style=\"width: 20px;\" colspan=\"2\"><span style=\"font-size: large;\">Cs\u00f3kkir\u00e1ly <\/span><\/td>\r\n<\/tr>\r\n<tr>\r\n<td style=\"width: 20px;\">\u00a0<\/td>\r\n<td><a href=\"B5 - Csokkiraly (sample).mp3\">Cs\u00f3kkir\u00e1ly (sample)<\/a><\/td>\r\n<\/tr>\r\n<tr>\r\n<td style=\"width: 20px;\" colspan=\"2\"><span style=\"font-size: large;\">El kell hogy engedj <\/span><\/td>\r\n<\/tr>\r\n<tr>\r\n<td style=\"width: 20px;\">\u00a0<\/td>\r\n<td><a href=\"B5 - El kell hogy engedj (sample).mp3\">B5 - El kell hogy engedj (sample)<\/a><\/td>\r\n<\/tr>\r\n<tr>\r\n<td style=\"width: 20px;\" colspan=\"2\"><span style=\"font-size: large;\">Funky Groove <\/span><\/td>\r\n<\/tr>\r\n<tr>\r\n<td style=\"width: 20px;\">\u00a0<\/td>\r\n<td><a href=\"B5 - Funky Groove (sample).mp3\">B5 - Funky Groove (sample).mp3<\/a><\/td>\r\n<\/tr>\r\n<tr>\r\n<td style=\"width: 20px;\" colspan=\"2\"><span style=\"font-size: large;\">Gimme gimme <\/span><\/td>\r\n<\/tr>\r\n<tr>\r\n<td style=\"width: 20px;\">\u00a0<\/td>\r\n<td><a href=\"B5 - Gimme gimme (sample).mp3\">B5 - Gimme gimme (sample).mp3<\/a><\/td>\r\n<\/tr>\r\n<tr>\r\n<td style=\"width: 20px;\" colspan=\"2\"><span style=\"font-size: large;\">Ha legk\u00f6zeleb l\u00e1tlak <\/span><\/td>\r\n<\/tr>\r\n<tr>\r\n<td style=\"width: 20px;\">\u00a0<\/td>\r\n<td><a href=\"B5 - Ha legkozeleb latlak (sample).mp3\">B5 - Ha legk\u00f6zeleb l\u00e1tlak (sample).mp3<\/a><\/td>\r\n<\/tr>\r\n<tr>\r\n<td style=\"width: 20px;\" colspan=\"2\"><span style=\"font-size: large;\">Ha nem vigy\u00e1zna r\u00e1d <\/span><\/td>\r\n<\/tr>\r\n<tr>\r\n<td style=\"width: 20px;\">\u00a0<\/td>\r\n<td><a href=\"B5 - Ha nem vigyazna rad (sample).mp3\">B5 - Ha nem vigy\u00e1zna r\u00e1d (sample).mp3<\/a><\/td>\r\n<\/tr>\r\n<tr>\r\n<td style=\"width: 20px;\" colspan=\"2\"><span style=\"font-size: large;\">Hotel menthol <\/span><\/td>\r\n<\/tr>\r\n<tr>\r\n<td style=\"width: 20px;\">\u00a0<\/td>\r\n<td><a href=\"B5 - Hotel menthol (sample).mp3\">B5 - Hotel menthol (sample).mp3<\/a><\/td>\r\n<\/tr>\r\n<tr>\r\n<td style=\"width: 20px;\" colspan=\"2\"><span style=\"font-size: large;\">J\u00e9g dupla whiskyvel <\/span><\/td>\r\n<\/tr>\r\n<tr>\r\n<td style=\"width: 20px;\">\u00a0<\/td>\r\n<td><a href=\"B5 - Jeg dupla whiskyvel (sample).mp3\">J\u00e9g dupla whiskyvel (sample)<\/a><\/td>\r\n<\/tr>\r\n<tr>\r\n<td style=\"width: 20px;\" colspan=\"2\"><span style=\"font-size: large;\">Majdnem szerelem volt <\/span><\/td>\r\n<\/tr>\r\n<tr>\r\n<td style=\"width: 20px;\">\u00a0<\/td>\r\n<td><a href=\"B5 - Majdnem szerelem volt (sample).mp3\">B5 - Majdnem szerelem volt (sample).mp3<\/a><\/td>\r\n<\/tr>\r\n<tr>\r\n<td style=\"width: 20px;\" colspan=\"2\"><span style=\"font-size: large;\">Meghalok hogyha r\u00e1m n\u00e9zel <\/span><\/td>\r\n<\/tr>\r\n<tr>\r\n<td style=\"width: 20px;\">\u00a0<\/td>\r\n<td><a href=\"B5 - Meghalok hogyha ram nezel (sample).mp3\">B5 - Meghalok hogyha r\u00e1m n\u00e9zel (sample).mp3<\/a><\/td>\r\n<\/tr>\r\n<tr>\r\n<td style=\"width: 20px;\" colspan=\"2\"><span style=\"font-size: large;\">Pocsoly\u00e1ba l\u00e9ptem <\/span><\/td>\r\n<\/tr>\r\n<tr>\r\n<td style=\"width: 20px;\">\u00a0<\/td>\r\n<td><a href=\"B5 - Pocsolyaba leptem (sample).mp3\">B5 - Pocsoly\u00e1ba l\u00e9ptem (sample).mp3<\/a><\/td>\r\n<\/tr>\r\n<tr>\r\n<td style=\"width: 20px;\" colspan=\"2\"><span style=\"font-size: large;\">Proud Mary <\/span><\/td>\r\n<\/tr>\r\n<tr>\r\n<td style=\"width: 20px;\">\u00a0<\/td>\r\n<td><a href=\"B5 - Proud Mary (sample).mp3\">B5 - Proud Mary (sample).mp3<\/a><\/td>\r\n<\/tr>\r\n<tr>\r\n<td style=\"width: 20px;\" colspan=\"2\"><span style=\"font-size: large;\">Rockin aruond the Christmas tree <\/span><\/td>\r\n<\/tr>\r\n<tr>\r\n<td style=\"width: 20px;\">\u00a0<\/td>\r\n<td><a href=\"B5 - Rockin aruond the Christmas tree (sample).mp3\">B5 - Rockin aruond the Christmas tree (sample).mp3<\/a><\/td>\r\n<\/tr>\r\n<tr>\r\n<td style=\"width: 20px;\" colspan=\"2\"><span style=\"font-size: large;\">Soul Shadows <\/span><\/td>\r\n<\/tr>\r\n<tr>\r\n<td style=\"width: 20px;\">\u00a0<\/td>\r\n<td><a href=\"B5 - Soul Shadows (sample).mp3\">B5 - Soul Shadows (sample).mp3<\/a><\/td>\r\n<\/tr>\r\n<tr>\r\n<td style=\"width: 20px;\" colspan=\"2\"><span style=\"font-size: large;\">Stumblin in <\/span><\/td>\r\n<\/tr>\r\n<tr>\r\n<td style=\"width: 20px;\">\u00a0<\/td>\r\n<td><a href=\"B5 - Stumblin in (sample).mp3\">B5 - Stumblin in (sample).mp3<\/a><\/td>\r\n<\/tr>\r\n<tr>\r\n<td style=\"width: 20px;\" colspan=\"2\"><span style=\"font-size: large;\">Sz\u00f3lj r\u00e1m ha hangosan \u00e9nekelek <\/span><\/td>\r\n<\/tr>\r\n<tr>\r\n<td style=\"width: 20px;\">\u00a0<\/td>\r\n<td><a href=\"B5 - Szolj ram ha hangosan enekelek (sample).mp3\">B5 - Sz\u00f3lj r\u00e1m ha hangosan \u00e9nekelek (sample).mp3<\/a><\/td>\r\n<\/tr>\r\n<tr>\r\n<td style=\"width: 20px;\" colspan=\"2\"><span style=\"font-size: large;\">Valahol egy l\u00e1ny <\/span><\/td>\r\n<\/tr>\r\n<tr>\r\n<td style=\"width: 20px;\">\u00a0<\/td>\r\n<td><a href=\"B5 - Valahol egy lany (sample).mp3\">B5 - Valahol egy l\u00e1ny (sample).mp3<\/a><\/td>\r\n<\/tr>\r\n<tr>\r\n<td style=\"width: 20px;\" colspan=\"2\"><span style=\"font-size: large;\">V\u00e1rj <\/span><\/td>\r\n<\/tr>\r\n<tr>\r\n<td style=\"width: 20px;\">\u00a0<\/td>\r\n<td><a href=\"B5 - Varj (sample).mp3\">B5 - V\u00e1rj (sample).mp3<\/a><\/td>\r\n<\/tr>\r\n<tr>\r\n<td style=\"width: 20px;\" colspan=\"2\"><span style=\"font-size: large;\">Zene n\u00e9lk\u00fcl mit \u00e9rek \u00e9n <\/span><\/td>\r\n<\/tr>\r\n<tr>\r\n<td style=\"width: 20px;\">\u00a0<\/td>\r\n<td><a href=\"B5 - Zene nelkul mit erek en (sample).mp3\">Zene n\u00e9lk\u00fcl mit \u00e9rek \u00e9n (sample)<\/a><\/td>\r\n<\/tr>\r\n<tr>\r\n<td style=\"width: 20px;\" colspan=\"2\"><span style=\"font-size: large;\">Fantasy<br \/><\/span><\/td>\r\n<\/tr>\r\n<tr>\r\n<td style=\"width: 20px;\">\u00a0<\/td>\r\n<td><a href=\"B5 live - Fantasy 2.mp3\">B5 live - Fantasy 2.mp3<\/a><\/td>\r\n<\/tr>\r\n<tr>\r\n<td style=\"width: 20px;\" colspan=\"2\"><span style=\"font-size: large;\">F\u00fclledt forr\u00f3 ny\u00e1r<br \/><\/span><\/td>\r\n<\/tr>\r\n<tr>\r\n<td style=\"width: 20px;\">\u00a0<\/td>\r\n<td><a href=\"B5 live - Fulledt forro nyar 2.mp3\">B5 live - F\u00fclledt forr\u00f3 ny\u00e1r 2.mp3<\/a><\/td>\r\n<\/tr>\r\n<tr>\r\n<td style=\"width: 20px;\" colspan=\"2\"><span style=\"font-size: large;\">Lets get loud<br \/><\/span><\/td>\r\n<\/tr>\r\n<tr>\r\n<td style=\"width: 20px;\">\u00a0<\/td>\r\n<td><a href=\"B5 live - Lets get loud 2.mp3\">B5 live - Lets get loud 2.mp3<\/a><\/td>\r\n<\/tr>\r\n<tr>\r\n<td style=\"width: 20px;\" colspan=\"2\"><span style=\"font-size: large;\">N\u00e9zz az \u00e9g fel\u00e9<br \/><\/span><\/td>\r\n<\/tr>\r\n<tr>\r\n<td style=\"width: 20px;\">\u00a0<\/td>\r\n<td><a href=\"B5 live - Nezz az eg fele 2.mp3\">B5 live - N\u00e9zz az \u00e9g fel\u00e9 2.mp3<\/a><\/td>\r\n<\/tr>\r\n<tr>\r\n<td style=\"width: 20px;\" colspan=\"2\"><span style=\"font-size: large;\">Olyan mint te<br \/><\/span><\/td>\r\n<\/tr>\r\n<tr>\r\n<td style=\"width: 20px;\">\u00a0<\/td>\r\n<td><a href=\"B5 live - Olyan mint te 2.mp3\">B5 live - Olyan mint te 2.mp3<\/a><\/td>\r\n<\/tr>\r\n<tr>\r\n<td style=\"width: 20px;\" colspan=\"2\"><span style=\"font-size: large;\">This Love<\/span><\/td>\r\n<\/tr>\r\n<tr>\r\n<td style=\"width: 20px;\">\u00a0<\/td>\r\n<td><a href=\"This_Love.mp3\">This Love<\/a><\/td>\r\n<\/tr>\r\n<tr>\r\n<td style=\"width: 20px;\">\u00a0<\/td>\r\n<td>\u00a0<\/td>\r\n<\/tr>\r\n<tr>\r\n<td style=\"width: 20px;\" colspan=\"2\"><span style=\"font-size: large;\">Long Train<\/span><\/td>\r\n<\/tr>\r\n<tr>\r\n<td style=\"width: 20px;\">\u00a0<\/td>\r\n<td><a href=\"Long_Train.mp3\">Long Train<\/a><\/td>\r\n<\/tr>\r\n<tr>\r\n<td style=\"width: 20px;\">\u00a0<\/td>\r\n<td>\u00a0<\/td>\r\n<\/tr>\r\n<tr>\r\n<td style=\"width: 20px;\" colspan=\"2\"><span style=\"font-size: large;\">Sex Bomb<\/span><\/td>\r\n<\/tr>\r\n<tr>\r\n<td style=\"width: 20px;\">\u00a0<\/td>\r\n<td><a href=\"Sex_Bomb.mp3\">Sex Bomb<\/a><\/td>\r\n<\/tr>\r\n<tr>\r\n<td style=\"width: 20px;\">\u00a0<\/td>\r\n<td>\u00a0<\/td>\r\n<\/tr>\r\n<\/tbody>\r\n<\/table>\r\n","protected":false},"excerpt":{"rendered":"<p>Blame it on the boogie \u00a0 B5 &#8211; Blame it on the boogie (sample).mp3 Corason Espinado \u00a0 B5 &#8211; Corason Espinado (sample) Cosmopolitan life \u00a0 Cosmopolitan life (sample) Cs\u00f3kkir\u00e1ly \u00a0 Cs\u00f3kkir\u00e1ly (sample) El kell hogy engedj \u00a0 B5 &#8211; El kell hogy engedj (sample) Funky Groove \u00a0 B5 &#8211; Funky Groove (sample).mp3 Gimme gimme \u00a0 [&hellip;]<\/p>\n","protected":false},"author":1,"featured_media":0,"parent":0,"menu_order":0,"comment_status":"open","ping_status":"open","template":"","meta":[],"_links":{"self":[{"href":"https:\/\/www.blackfive.hu\/index.php?rest_route=\/wp\/v2\/pages\/15"}],"collection":[{"href":"https:\/\/www.blackfive.hu\/index.php?rest_route=\/wp\/v2\/pages"}],"about":[{"href":"https:\/\/www.blackfive.hu\/index.php?rest_route=\/wp\/v2\/types\/page"}],"author":[{"embeddable":true,"href":"https:\/\/www.blackfive.hu\/index.php?rest_route=\/wp\/v2\/users\/1"}],"replies":[{"embeddable":true,"href":"https:\/\/www.blackfive.hu\/index.php?rest_route=%2Fwp%2Fv2%2Fcomments&post=15"}],"version-history":[{"count":40,"href":"https:\/\/www.blackfive.hu\/index.php?rest_route=\/wp\/v2\/pages\/15\/revisions"}],"predecessor-version":[{"id":260,"href":"https:\/\/www.blackfive.hu\/index.php?rest_route=\/wp\/v2\/pages\/15\/revisions\/260"}],"wp:attachment":[{"href":"https:\/\/www.blackfive.hu\/index.php?rest_route=%2Fwp%2Fv2%2Fmedia&parent=15"}],"curies":[{"name":"wp","href":"https:\/\/api.w.org\/{rel}","templated":true}]}}