


{"id":12,"date":"2012-03-17T23:51:24","date_gmt":"2012-03-17T23:51:24","guid":{"rendered":"http:\/\/www.blackfive.hu\/?page_id=12"},"modified":"2012-03-20T13:01:58","modified_gmt":"2012-03-20T13:01:58","slug":"koncertek","status":"publish","type":"page","link":"https:\/\/www.blackfive.hu\/?page_id=12","title":{"rendered":"Koncertek"},"content":{"rendered":"<table style=\"width: 100%;\" border=\"0\">\r\n<tbody>\r\n<tr>\r\n<td align=\"center\" valign=\"top\"><img class=\"aligncenter size-full wp-image-128\" title=\"koncert-m\" src=\"http:\/\/www.blackfive.hu\/wp-content\/uploads\/2012\/03\/koncert-m.jpg\" alt=\"\" width=\"500\" height=\"375\" \/><\/td>\r\n<\/tr>\r\n<tr>\r\n<td align=\"center\" valign=\"middle\">\r\n<table style=\"width: 300px;\" border=\"0\" align=\"center\">\r\n<tbody>\r\n<tr>\r\n<td>\u00a0\r\n<ul>\r\n<li>Szentes - BuffaloBuffalo k\u00e9pek<\/li>\r\n<li>Gyula - Erkel Hotel<\/li>\r\n<li>Szentes - Buffalo<\/li>\r\n<li>Szolnok<\/li>\r\n<li>H\u00f3dmez\u00f5v\u00e1s\u00e1rhely - Cseresny\u00e9s Koll\u00e9gium<\/li>\r\n<\/ul>\r\n<\/td>\r\n<\/tr>\r\n<\/tbody>\r\n<\/table>\r\n<\/td>\r\n<\/tr>\r\n<\/tbody>\r\n<\/table>","protected":false},"excerpt":{"rendered":"<p>\u00a0 Szentes &#8211; BuffaloBuffalo k\u00e9pek Gyula &#8211; Erkel Hotel Szentes &#8211; Buffalo Szolnok H\u00f3dmez\u00f5v\u00e1s\u00e1rhely &#8211; Cseresny\u00e9s Koll\u00e9gium<\/p>\n","protected":false},"author":1,"featured_media":0,"parent":0,"menu_order":0,"comment_status":"open","ping_status":"open","template":"","meta":[],"_links":{"self":[{"href":"https:\/\/www.blackfive.hu\/index.php?rest_route=\/wp\/v2\/pages\/12"}],"collection":[{"href":"https:\/\/www.blackfive.hu\/index.php?rest_route=\/wp\/v2\/pages"}],"about":[{"href":"https:\/\/www.blackfive.hu\/index.php?rest_route=\/wp\/v2\/types\/page"}],"author":[{"embeddable":true,"href":"https:\/\/www.blackfive.hu\/index.php?rest_route=\/wp\/v2\/users\/1"}],"replies":[{"embeddable":true,"href":"https:\/\/www.blackfive.hu\/index.php?rest_route=%2Fwp%2Fv2%2Fcomments&post=12"}],"version-history":[{"count":3,"href":"https:\/\/www.blackfive.hu\/index.php?rest_route=\/wp\/v2\/pages\/12\/revisions"}],"predecessor-version":[{"id":129,"href":"https:\/\/www.blackfive.hu\/index.php?rest_route=\/wp\/v2\/pages\/12\/revisions\/129"}],"wp:attachment":[{"href":"https:\/\/www.blackfive.hu\/index.php?rest_route=%2Fwp%2Fv2%2Fmedia&parent=12"}],"curies":[{"name":"wp","href":"https:\/\/api.w.org\/{rel}","templated":true}]}}